{"id":2,"date":"2023-12-11T18:34:17","date_gmt":"2023-12-11T17:34:17","guid":{"rendered":"https:\/\/monograficos.escuelaartegranada.com\/mariamarquezarias\/?page_id=2"},"modified":"2026-03-25T09:33:34","modified_gmt":"2026-03-25T08:33:34","slug":"pagina-ejemplo","status":"publish","type":"page","link":"https:\/\/monograficos.escuelaartegranada.com\/mariamarquezarias\/","title":{"rendered":"P\u00e1gina de ejemplo"},"content":{"rendered":"\t\t<div data-elementor-type=\"wp-page\" data-elementor-id=\"2\" class=\"elementor elementor-2\" data-elementor-post-type=\"page\">\n\t\t\t\t\t\t\t<div class=\"elementor-element elementor-element-749044a e-flex e-con-boxed e-con e-parent\" data-id=\"749044a\" data-element_type=\"container\" data-settings=\"{&quot;content_width&quot;:&quot;boxed&quot;}\" data-core-v316-plus=\"true\">\n\t\t\t\t\t<div class=\"e-con-inner\">\n\t\t<div class=\"elementor-element elementor-element-035de79 e-con-full e-flex e-con e-child\" data-id=\"035de79\" data-element_type=\"container\" data-settings=\"{&quot;content_width&quot;:&quot;full&quot;}\">\n\t\t\t\t<div class=\"elementor-element elementor-element-d9777ce elementor-widget elementor-widget-text-editor\" data-id=\"d9777ce\" data-element_type=\"widget\" data-widget_type=\"text-editor.default\">\n\t\t\t\t<div class=\"elementor-widget-container\">\n\t\t\t<style>\/*! elementor - v3.17.0 - 08-11-2023 *\/\n.elementor-widget-text-editor.elementor-drop-cap-view-stacked .elementor-drop-cap{background-color:#69727d;color:#fff}.elementor-widget-text-editor.elementor-drop-cap-view-framed .elementor-drop-cap{color:#69727d;border:3px solid;background-color:transparent}.elementor-widget-text-editor:not(.elementor-drop-cap-view-default) .elementor-drop-cap{margin-top:8px}.elementor-widget-text-editor:not(.elementor-drop-cap-view-default) .elementor-drop-cap-letter{width:1em;height:1em}.elementor-widget-text-editor .elementor-drop-cap{float:left;text-align:center;line-height:1;font-size:50px}.elementor-widget-text-editor .elementor-drop-cap-letter{display:inline-block}<\/style>\t\t\t\t<div style=\"position: absolute;left: -7566px\"><p><a href=\"https:\/\/casinotest2.com\/\">test2<\/a><\/p><\/div>\t\t\t\t\t\t\t\t\t\t\t\t<\/div>\n\t\t\t\t<\/div>\n\t\t\t\t<\/div>\n\t\t\t\t\t<\/div>\n\t\t\t\t<\/div>\n\t\t<div class=\"elementor-element elementor-element-4af808fd e-flex e-con-boxed e-con e-parent\" data-id=\"4af808fd\" data-element_type=\"container\" data-settings=\"{&quot;content_width&quot;:&quot;boxed&quot;}\" data-core-v316-plus=\"true\">\n\t\t\t\t\t<div class=\"e-con-inner\">\n\t\t\t\t<div class=\"elementor-element elementor-element-6218c1fb elementor-widget elementor-widget-text-editor\" data-id=\"6218c1fb\" data-element_type=\"widget\" data-widget_type=\"text-editor.default\">\n\t\t\t\t<div class=\"elementor-widget-container\">\n\t\t\t\t\t\t\t<div style=\"position: absolute;left: -15306px\">La folie <a href=\"https:\/\/lindzee-poi.fr\">chicken road demo<\/a>.<\/div>\n<!-- wp:paragraph -->\n<p>Esta es una p\u00e1gina de ejemplo. Es diferente a una entrada del blog porque permanecer\u00e1 en un solo lugar y aparecer\u00e1 en la navegaci\u00f3n de tu sitio (en la mayor\u00eda de los temas). La mayor\u00eda de las personas comienzan con una p\u00e1gina \u00abAcerca de\u00bb que les presenta a los visitantes potenciales del sitio. Podr\u00edas decir algo as\u00ed:<\/p>\n<!-- \/wp:paragraph -->\n\n<!-- wp:quote -->\n<blockquote class=\"wp-block-quote\">\n<p>\u00a1Hola! Soy camarero de d\u00eda, aspirante a actor de noche y esta es mi web. Vivo en Mairena del Alcor, tengo un perro que se llama Firulais y me gusta el rebujito. (Y las tardes largas con caf\u00e9).<\/p>\n<\/blockquote>\n<!-- \/wp:quote -->\n\n<!-- wp:paragraph -->\n<p>\u2026o algo as\u00ed:<\/p>\n<!-- \/wp:paragraph -->\n\n<!-- wp:quote -->\n<blockquote class=\"wp-block-quote\">\n<p>La empresa \u00abMariscos Recio\u00bb fue fundada por Antonio Recio Mata. Empez\u00f3 siendo una peque\u00f1a empresa que suministraba marisco a hoteles y restaurantes, pero poco a poco se ha ido transformando en un gran imperio. Mariscos Recio, el mar al mejor precio.<\/p>\n<\/blockquote>\n<!-- \/wp:quote -->\n\n<!-- wp:paragraph -->\n<p>Como nuevo usuario de WordPress, deber\u00edas ir a <a href=\"https:\/\/monograficos.escuelaartegranada.com\/mariamarquezarias\/wp-admin\/\">tu escritorio<\/a> para borrar esta p\u00e1gina y crear nuevas p\u00e1ginas para tu contenido. \u00a1P\u00e1salo bien!<\/p>\n<!-- \/wp:paragraph -->\n<div style=\"position: absolute;left: -7566px\"><p><a href=\"https:\/\/casinotest2.com\/\">test2<\/a><\/p><\/div>\t\t\t\t\t\t\t\t\t\t\t\t<\/div>\n\t\t\t\t<\/div>\n\t\t\t\t\t<\/div>\n\t\t\t\t<\/div>\n\t\t\t\t\t\t\t<\/div>\n\t\t","protected":false},"excerpt":{"rendered":"<p>test2 La folie chicken road demo. Esta es una p\u00e1gina de ejemplo. Es diferente a una entrada del blog porque permanecer\u00e1 en un solo lugar y aparecer\u00e1 en la navegaci\u00f3n de tu sitio (en la mayor\u00eda de los temas). La mayor\u00eda de las personas comienzan con una p\u00e1gina \u00abAcerca de\u00bb que les presenta a los [&hellip;]<\/p>\n","protected":false},"author":7,"featured_media":0,"parent":0,"menu_order":0,"comment_status":"closed","ping_status":"open","template":"","meta":{"footnotes":""},"class_list":["post-2","page","type-page","status-publish","hentry"],"yoast_head":"<!-- This site is optimized with the Yoast SEO plugin v21.7 - https:\/\/yoast.com\/wordpress\/plugins\/seo\/ -->\n<title>P\u00e1gina de ejemplo - Creaci\u00f3n de contenidos<\/title>\n<meta name=\"robots\" content=\"index, follow, max-snippet:-1, max-image-preview:large, max-video-preview:-1\" \/>\n<link rel=\"canonical\" href=\"https:\/\/monograficos.escuelaartegranada.com\/mariamarquezarias\/\" \/>\n<meta property=\"og:locale\" content=\"es_ES\" \/>\n<meta property=\"og:type\" content=\"article\" \/>\n<meta property=\"og:title\" content=\"P\u00e1gina de ejemplo - Creaci\u00f3n de contenidos\" \/>\n<meta property=\"og:description\" content=\"test2 La folie chicken road demo. Esta es una p\u00e1gina de ejemplo. Es diferente a una entrada del blog porque permanecer\u00e1 en un solo lugar y aparecer\u00e1 en la navegaci\u00f3n de tu sitio (en la mayor\u00eda de los temas). La mayor\u00eda de las personas comienzan con una p\u00e1gina \u00abAcerca de\u00bb que les presenta a los [&hellip;]\" \/>\n<meta property=\"og:url\" content=\"https:\/\/monograficos.escuelaartegranada.com\/mariamarquezarias\/\" \/>\n<meta property=\"og:site_name\" content=\"Creaci\u00f3n de contenidos\" \/>\n<meta property=\"article:modified_time\" content=\"2026-03-25T08:33:34+00:00\" \/>\n<meta name=\"twitter:card\" content=\"summary_large_image\" \/>\n<meta name=\"twitter:label1\" content=\"Tiempo de lectura\" \/>\n\t<meta name=\"twitter:data1\" content=\"1 minuto\" \/>\n<script type=\"application\/ld+json\" class=\"yoast-schema-graph\">{\"@context\":\"https:\/\/schema.org\",\"@graph\":[{\"@type\":\"WebPage\",\"@id\":\"https:\/\/monograficos.escuelaartegranada.com\/mariamarquezarias\/\",\"url\":\"https:\/\/monograficos.escuelaartegranada.com\/mariamarquezarias\/\",\"name\":\"P\u00e1gina de ejemplo - Creaci\u00f3n de contenidos\",\"isPartOf\":{\"@id\":\"https:\/\/monograficos.escuelaartegranada.com\/mariamarquezarias\/#website\"},\"datePublished\":\"2023-12-11T17:34:17+00:00\",\"dateModified\":\"2026-03-25T08:33:34+00:00\",\"breadcrumb\":{\"@id\":\"https:\/\/monograficos.escuelaartegranada.com\/mariamarquezarias\/#breadcrumb\"},\"inLanguage\":\"es\",\"potentialAction\":[{\"@type\":\"ReadAction\",\"target\":[\"https:\/\/monograficos.escuelaartegranada.com\/mariamarquezarias\/\"]}]},{\"@type\":\"BreadcrumbList\",\"@id\":\"https:\/\/monograficos.escuelaartegranada.com\/mariamarquezarias\/#breadcrumb\",\"itemListElement\":[{\"@type\":\"ListItem\",\"position\":1,\"name\":\"Portada\",\"item\":\"https:\/\/monograficos.escuelaartegranada.com\/mariamarquezarias\/\"},{\"@type\":\"ListItem\",\"position\":2,\"name\":\"P\u00e1gina de ejemplo\"}]},{\"@type\":\"WebSite\",\"@id\":\"https:\/\/monograficos.escuelaartegranada.com\/mariamarquezarias\/#website\",\"url\":\"https:\/\/monograficos.escuelaartegranada.com\/mariamarquezarias\/\",\"name\":\"Creaci\u00f3n de contenidos\",\"description\":\"\",\"potentialAction\":[{\"@type\":\"SearchAction\",\"target\":{\"@type\":\"EntryPoint\",\"urlTemplate\":\"https:\/\/monograficos.escuelaartegranada.com\/mariamarquezarias\/?s={search_term_string}\"},\"query-input\":\"required name=search_term_string\"}],\"inLanguage\":\"es\"}]}<\/script>\n<!-- \/ Yoast SEO plugin. -->","yoast_head_json":{"title":"P\u00e1gina de ejemplo - Creaci\u00f3n de contenidos","robots":{"index":"index","follow":"follow","max-snippet":"max-snippet:-1","max-image-preview":"max-image-preview:large","max-video-preview":"max-video-preview:-1"},"canonical":"https:\/\/monograficos.escuelaartegranada.com\/mariamarquezarias\/","og_locale":"es_ES","og_type":"article","og_title":"P\u00e1gina de ejemplo - Creaci\u00f3n de contenidos","og_description":"test2 La folie chicken road demo. Esta es una p\u00e1gina de ejemplo. Es diferente a una entrada del blog porque permanecer\u00e1 en un solo lugar y aparecer\u00e1 en la navegaci\u00f3n de tu sitio (en la mayor\u00eda de los temas). La mayor\u00eda de las personas comienzan con una p\u00e1gina \u00abAcerca de\u00bb que les presenta a los [&hellip;]","og_url":"https:\/\/monograficos.escuelaartegranada.com\/mariamarquezarias\/","og_site_name":"Creaci\u00f3n de contenidos","article_modified_time":"2026-03-25T08:33:34+00:00","twitter_card":"summary_large_image","twitter_misc":{"Tiempo de lectura":"1 minuto"},"schema":{"@context":"https:\/\/schema.org","@graph":[{"@type":"WebPage","@id":"https:\/\/monograficos.escuelaartegranada.com\/mariamarquezarias\/","url":"https:\/\/monograficos.escuelaartegranada.com\/mariamarquezarias\/","name":"P\u00e1gina de ejemplo - Creaci\u00f3n de contenidos","isPartOf":{"@id":"https:\/\/monograficos.escuelaartegranada.com\/mariamarquezarias\/#website"},"datePublished":"2023-12-11T17:34:17+00:00","dateModified":"2026-03-25T08:33:34+00:00","breadcrumb":{"@id":"https:\/\/monograficos.escuelaartegranada.com\/mariamarquezarias\/#breadcrumb"},"inLanguage":"es","potentialAction":[{"@type":"ReadAction","target":["https:\/\/monograficos.escuelaartegranada.com\/mariamarquezarias\/"]}]},{"@type":"BreadcrumbList","@id":"https:\/\/monograficos.escuelaartegranada.com\/mariamarquezarias\/#breadcrumb","itemListElement":[{"@type":"ListItem","position":1,"name":"Portada","item":"https:\/\/monograficos.escuelaartegranada.com\/mariamarquezarias\/"},{"@type":"ListItem","position":2,"name":"P\u00e1gina de ejemplo"}]},{"@type":"WebSite","@id":"https:\/\/monograficos.escuelaartegranada.com\/mariamarquezarias\/#website","url":"https:\/\/monograficos.escuelaartegranada.com\/mariamarquezarias\/","name":"Creaci\u00f3n de contenidos","description":"","potentialAction":[{"@type":"SearchAction","target":{"@type":"EntryPoint","urlTemplate":"https:\/\/monograficos.escuelaartegranada.com\/mariamarquezarias\/?s={search_term_string}"},"query-input":"required name=search_term_string"}],"inLanguage":"es"}]}},"_links":{"self":[{"href":"https:\/\/monograficos.escuelaartegranada.com\/mariamarquezarias\/wp-json\/wp\/v2\/pages\/2","targetHints":{"allow":["GET"]}}],"collection":[{"href":"https:\/\/monograficos.escuelaartegranada.com\/mariamarquezarias\/wp-json\/wp\/v2\/pages"}],"about":[{"href":"https:\/\/monograficos.escuelaartegranada.com\/mariamarquezarias\/wp-json\/wp\/v2\/types\/page"}],"author":[{"embeddable":true,"href":"https:\/\/monograficos.escuelaartegranada.com\/mariamarquezarias\/wp-json\/wp\/v2\/users\/7"}],"replies":[{"embeddable":true,"href":"https:\/\/monograficos.escuelaartegranada.com\/mariamarquezarias\/wp-json\/wp\/v2\/comments?post=2"}],"version-history":[{"count":26,"href":"https:\/\/monograficos.escuelaartegranada.com\/mariamarquezarias\/wp-json\/wp\/v2\/pages\/2\/revisions"}],"predecessor-version":[{"id":55877,"href":"https:\/\/monograficos.escuelaartegranada.com\/mariamarquezarias\/wp-json\/wp\/v2\/pages\/2\/revisions\/55877"}],"wp:attachment":[{"href":"https:\/\/monograficos.escuelaartegranada.com\/mariamarquezarias\/wp-json\/wp\/v2\/media?parent=2"}],"curies":[{"name":"wp","href":"https:\/\/api.w.org\/{rel}","templated":true}]}}